{"id":484,"date":"2024-01-20T11:01:25","date_gmt":"2024-01-20T11:01:25","guid":{"rendered":"https:\/\/dev.motownparc.com\/merci\/"},"modified":"2024-11-04T11:29:12","modified_gmt":"2024-11-04T11:29:12","slug":"merci","status":"publish","type":"page","link":"https:\/\/www.motownparc.com\/fr\/merci\/","title":{"rendered":"Merci"},"content":{"rendered":"<p>[et_pb_section fb_built=\u00a0\u00bb1&Prime; _builder_version=\u00a0\u00bb4.23.4&Prime; _module_preset=\u00a0\u00bbdefault\u00a0\u00bb background_color=\u00a0\u00bb#f7f7f7&Prime; min_height=\u00a0\u00bb100vh\u00a0\u00bb custom_css_main_element=\u00a0\u00bbdisplay: flex;\u00a0\u00bb da_disable_devices=\u00a0\u00bboff|off|off\u00a0\u00bb global_colors_info=\u00a0\u00bb{}\u00a0\u00bb da_is_popup=\u00a0\u00bboff\u00a0\u00bb da_exit_intent=\u00a0\u00bboff\u00a0\u00bb da_has_close=\u00a0\u00bbon\u00a0\u00bb da_alt_close=\u00a0\u00bboff\u00a0\u00bb da_dark_close=\u00a0\u00bboff\u00a0\u00bb da_not_modal=\u00a0\u00bbon\u00a0\u00bb da_is_singular=\u00a0\u00bboff\u00a0\u00bb da_with_loader=\u00a0\u00bboff\u00a0\u00bb da_has_shadow=\u00a0\u00bbon\u00a0\u00bb][et_pb_row custom_padding_last_edited=\u00a0\u00bbon|phone\u00a0\u00bb _builder_version=\u00a0\u00bb4.23.4&Prime; _module_preset=\u00a0\u00bbdefault\u00a0\u00bb width=\u00a0\u00bb100%\u00a0\u00bb max_width=\u00a0\u00bb980px\u00a0\u00bb custom_padding=\u00a0\u00bb|40px||40px|false|true\u00a0\u00bb custom_padding_tablet=\u00a0\u00bb|30px||30px|false|true\u00a0\u00bb custom_padding_phone=\u00a0\u00bb|20px||20px|false|true\u00a0\u00bb global_colors_info=\u00a0\u00bb{}\u00a0\u00bb][et_pb_column type=\u00a0\u00bb4_4&Prime; _builder_version=\u00a0\u00bb4.23.4&Prime; _module_preset=\u00a0\u00bbdefault\u00a0\u00bb global_colors_info=\u00a0\u00bb{}\u00a0\u00bb][et_pb_text _builder_version=\u00a0\u00bb4.23.4&Prime; _module_preset=\u00a0\u00bbfc5e99a3-abe5-4537-b6cb-64bba992d5ec\u00a0\u00bb header_text_align=\u00a0\u00bbcenter\u00a0\u00bb header_text_color=\u00a0\u00bb#1a171b\u00a0\u00bb custom_margin=\u00a0\u00bb||0.7rem||false|false\u00a0\u00bb global_colors_info=\u00a0\u00bb{}\u00a0\u00bb]<\/p>\n<h1>Merci!<\/h1>\n<p>[\/et_pb_text][et_pb_text _builder_version=\u00a0\u00bb4.27.2&Prime; _module_preset=\u00a0\u00bbfc5e99a3-abe5-4537-b6cb-64bba992d5ec\u00a0\u00bb header_text_align=\u00a0\u00bbcenter\u00a0\u00bb text_orientation=\u00a0\u00bbcenter\u00a0\u00bb custom_margin_tablet=\u00a0\u00bb\u00a0\u00bb custom_margin_phone=\u00a0\u00bb||1rem||false|false\u00a0\u00bb custom_margin_last_edited=\u00a0\u00bbon|phone\u00a0\u00bb hover_enabled=\u00a0\u00bb0&Prime; global_colors_info=\u00a0\u00bb{}\u00a0\u00bb sticky_enabled=\u00a0\u00bb0&Prime;]<\/p>\n<p>Merci pour votre int\u00e9r\u00eat dans les appartements neufs et exclusifs de Motown Parc.<br \/>Nous reviendrons bient\u00f4t vers vous. En attendant, vous pouvez t\u00e9l\u00e9charger ci-dessous la brochure.<\/p>\n<p>[\/et_pb_text][et_pb_button button_url=\u00a0\u00bb@ET-DC@eyJkeW5hbWljIjp0cnVlLCJjb250ZW50IjoicG9zdF9saW5rX3VybF9hdHRhY2htZW50Iiwic2V0dGluZ3MiOnsicG9zdF9pZCI6IjgzNSJ9fQ==@\u00a0\u00bb button_text=\u00a0\u00bbT\u00e9l\u00e9chargez la brochure\u00a0\u00bb button_alignment=\u00a0\u00bbcenter\u00a0\u00bb _builder_version=\u00a0\u00bb4.23.4&Prime; _dynamic_attributes=\u00a0\u00bbbutton_url\u00a0\u00bb _module_preset=\u00a0\u00bbcaa87bfe-e86a-431a-9a87-0d315d893dcb\u00a0\u00bb custom_margin=\u00a0\u00bb||0.5rem||false|false\u00a0\u00bb global_colors_info=\u00a0\u00bb{}\u00a0\u00bb][\/et_pb_button][et_pb_button button_url=\u00a0\u00bb@ET-DC@eyJkeW5hbWljIjp0cnVlLCJjb250ZW50IjoiaG9tZV91cmwiLCJzZXR0aW5ncyI6e319@\u00a0\u00bb button_text=\u00a0\u00bbRetour \u00e0 l&rsquo;accueil\u00a0\u00bb button_alignment=\u00a0\u00bbcenter\u00a0\u00bb _builder_version=\u00a0\u00bb4.23.4&Prime; _dynamic_attributes=\u00a0\u00bbbutton_url\u00a0\u00bb _module_preset=\u00a0\u00bbcaa87bfe-e86a-431a-9a87-0d315d893dcb\u00a0\u00bb button_text_color=\u00a0\u00bb#777777&Prime; button_bg_color=\u00a0\u00bbRGBA(255,255,255,0)\u00a0\u00bb box_shadow_style=\u00a0\u00bbnone\u00a0\u00bb global_colors_info=\u00a0\u00bb{}\u00a0\u00bb][\/et_pb_button][\/et_pb_column][\/et_pb_row][\/et_pb_section]<\/p>\n","protected":false},"excerpt":{"rendered":"<p>Merci!Merci pour votre int\u00e9r\u00eat dans les appartements neufs et exclusifs de Motown Parc.Nous reviendrons bient\u00f4t vers vous. En attendant, vous pouvez t\u00e9l\u00e9charger ci-dessous la brochure.<\/p>\n","protected":false},"author":6,"featured_media":0,"parent":0,"menu_order":0,"comment_status":"closed","ping_status":"closed","template":"","meta":{"_et_pb_use_builder":"on","_et_pb_old_content":"","_et_gb_content_width":"","inline_featured_image":false,"footnotes":""},"dipi_cpt_category":[],"class_list":["post-484","page","type-page","status-publish","hentry"],"yoast_head":"<!-- This site is optimized with the Yoast SEO plugin v27.3 - https:\/\/yoast.com\/product\/yoast-seo-wordpress\/ -->\n<title>Merci - Motown Parc<\/title>\n<meta name=\"robots\" content=\"index, follow, max-snippet:-1, max-image-preview:large, max-video-preview:-1\" \/>\n<link rel=\"canonical\" href=\"https:\/\/www.motownparc.com\/fr\/merci\/\" \/>\n<meta property=\"og:locale\" content=\"fr_FR\" \/>\n<meta property=\"og:type\" content=\"article\" \/>\n<meta property=\"og:title\" content=\"Merci - Motown Parc\" \/>\n<meta property=\"og:description\" content=\"Merci!Merci pour votre int\u00e9r\u00eat dans les appartements neufs et exclusifs de Motown Parc.Nous reviendrons bient\u00f4t vers vous. En attendant, vous pouvez t\u00e9l\u00e9charger ci-dessous la brochure.\" \/>\n<meta property=\"og:url\" content=\"https:\/\/www.motownparc.com\/fr\/merci\/\" \/>\n<meta property=\"og:site_name\" content=\"Motown Parc\" \/>\n<meta property=\"article:publisher\" content=\"https:\/\/www.facebook.com\/MotownParc\" \/>\n<meta property=\"article:modified_time\" content=\"2024-11-04T11:29:12+00:00\" \/>\n<meta property=\"og:image\" content=\"https:\/\/www.motownparc.com\/wp-content\/uploads\/2024\/01\/image-1.jpeg\" \/>\n\t<meta property=\"og:image:width\" content=\"1280\" \/>\n\t<meta property=\"og:image:height\" content=\"853\" \/>\n\t<meta property=\"og:image:type\" content=\"image\/jpeg\" \/>\n<meta name=\"twitter:card\" content=\"summary_large_image\" \/>\n<meta name=\"twitter:label1\" content=\"Dur\u00e9e de lecture estim\u00e9e\" \/>\n\t<meta name=\"twitter:data1\" content=\"2 minutes\" \/>\n<script type=\"application\/ld+json\" class=\"yoast-schema-graph\">{\"@context\":\"https:\\\/\\\/schema.org\",\"@graph\":[{\"@type\":\"WebPage\",\"@id\":\"https:\\\/\\\/www.motownparc.com\\\/fr\\\/merci\\\/\",\"url\":\"https:\\\/\\\/www.motownparc.com\\\/fr\\\/merci\\\/\",\"name\":\"Merci - Motown Parc\",\"isPartOf\":{\"@id\":\"https:\\\/\\\/motownparc.com\\\/#website\"},\"datePublished\":\"2024-01-20T11:01:25+00:00\",\"dateModified\":\"2024-11-04T11:29:12+00:00\",\"breadcrumb\":{\"@id\":\"https:\\\/\\\/www.motownparc.com\\\/fr\\\/merci\\\/#breadcrumb\"},\"inLanguage\":\"fr-FR\",\"potentialAction\":[{\"@type\":\"ReadAction\",\"target\":[\"https:\\\/\\\/www.motownparc.com\\\/fr\\\/merci\\\/\"]}]},{\"@type\":\"BreadcrumbList\",\"@id\":\"https:\\\/\\\/www.motownparc.com\\\/fr\\\/merci\\\/#breadcrumb\",\"itemListElement\":[{\"@type\":\"ListItem\",\"position\":1,\"name\":\"Home\",\"item\":\"https:\\\/\\\/motownparc.com\\\/\"},{\"@type\":\"ListItem\",\"position\":2,\"name\":\"Merci\"}]},{\"@type\":\"WebSite\",\"@id\":\"https:\\\/\\\/motownparc.com\\\/#website\",\"url\":\"https:\\\/\\\/motownparc.com\\\/\",\"name\":\"Motown Parc\",\"description\":\"Exclusief wonen in het groen in Brussel\",\"publisher\":{\"@id\":\"https:\\\/\\\/motownparc.com\\\/#organization\"},\"potentialAction\":[{\"@type\":\"SearchAction\",\"target\":{\"@type\":\"EntryPoint\",\"urlTemplate\":\"https:\\\/\\\/motownparc.com\\\/?s={search_term_string}\"},\"query-input\":{\"@type\":\"PropertyValueSpecification\",\"valueRequired\":true,\"valueName\":\"search_term_string\"}}],\"inLanguage\":\"fr-FR\"},{\"@type\":\"Organization\",\"@id\":\"https:\\\/\\\/motownparc.com\\\/#organization\",\"name\":\"Motown\",\"url\":\"https:\\\/\\\/motownparc.com\\\/\",\"logo\":{\"@type\":\"ImageObject\",\"inLanguage\":\"fr-FR\",\"@id\":\"https:\\\/\\\/motownparc.com\\\/#\\\/schema\\\/logo\\\/image\\\/\",\"url\":\"https:\\\/\\\/motownparc.com\\\/wp-content\\\/uploads\\\/2024\\\/03\\\/cropped-favicon.png\",\"contentUrl\":\"https:\\\/\\\/motownparc.com\\\/wp-content\\\/uploads\\\/2024\\\/03\\\/cropped-favicon.png\",\"width\":512,\"height\":512,\"caption\":\"Motown\"},\"image\":{\"@id\":\"https:\\\/\\\/motownparc.com\\\/#\\\/schema\\\/logo\\\/image\\\/\"},\"sameAs\":[\"https:\\\/\\\/www.facebook.com\\\/MotownParc\",\"https:\\\/\\\/www.instagram.com\\\/motownparc\\\/\"]}]}<\/script>\n<!-- \/ Yoast SEO plugin. -->","yoast_head_json":{"title":"Merci - Motown Parc","robots":{"index":"index","follow":"follow","max-snippet":"max-snippet:-1","max-image-preview":"max-image-preview:large","max-video-preview":"max-video-preview:-1"},"canonical":"https:\/\/www.motownparc.com\/fr\/merci\/","og_locale":"fr_FR","og_type":"article","og_title":"Merci - Motown Parc","og_description":"Merci!Merci pour votre int\u00e9r\u00eat dans les appartements neufs et exclusifs de Motown Parc.Nous reviendrons bient\u00f4t vers vous. En attendant, vous pouvez t\u00e9l\u00e9charger ci-dessous la brochure.","og_url":"https:\/\/www.motownparc.com\/fr\/merci\/","og_site_name":"Motown Parc","article_publisher":"https:\/\/www.facebook.com\/MotownParc","article_modified_time":"2024-11-04T11:29:12+00:00","og_image":[{"width":1280,"height":853,"url":"https:\/\/www.motownparc.com\/wp-content\/uploads\/2024\/01\/image-1.jpeg","type":"image\/jpeg"}],"twitter_card":"summary_large_image","twitter_misc":{"Dur\u00e9e de lecture estim\u00e9e":"2 minutes"},"schema":{"@context":"https:\/\/schema.org","@graph":[{"@type":"WebPage","@id":"https:\/\/www.motownparc.com\/fr\/merci\/","url":"https:\/\/www.motownparc.com\/fr\/merci\/","name":"Merci - Motown Parc","isPartOf":{"@id":"https:\/\/motownparc.com\/#website"},"datePublished":"2024-01-20T11:01:25+00:00","dateModified":"2024-11-04T11:29:12+00:00","breadcrumb":{"@id":"https:\/\/www.motownparc.com\/fr\/merci\/#breadcrumb"},"inLanguage":"fr-FR","potentialAction":[{"@type":"ReadAction","target":["https:\/\/www.motownparc.com\/fr\/merci\/"]}]},{"@type":"BreadcrumbList","@id":"https:\/\/www.motownparc.com\/fr\/merci\/#breadcrumb","itemListElement":[{"@type":"ListItem","position":1,"name":"Home","item":"https:\/\/motownparc.com\/"},{"@type":"ListItem","position":2,"name":"Merci"}]},{"@type":"WebSite","@id":"https:\/\/motownparc.com\/#website","url":"https:\/\/motownparc.com\/","name":"Motown Parc","description":"Exclusief wonen in het groen in Brussel","publisher":{"@id":"https:\/\/motownparc.com\/#organization"},"potentialAction":[{"@type":"SearchAction","target":{"@type":"EntryPoint","urlTemplate":"https:\/\/motownparc.com\/?s={search_term_string}"},"query-input":{"@type":"PropertyValueSpecification","valueRequired":true,"valueName":"search_term_string"}}],"inLanguage":"fr-FR"},{"@type":"Organization","@id":"https:\/\/motownparc.com\/#organization","name":"Motown","url":"https:\/\/motownparc.com\/","logo":{"@type":"ImageObject","inLanguage":"fr-FR","@id":"https:\/\/motownparc.com\/#\/schema\/logo\/image\/","url":"https:\/\/motownparc.com\/wp-content\/uploads\/2024\/03\/cropped-favicon.png","contentUrl":"https:\/\/motownparc.com\/wp-content\/uploads\/2024\/03\/cropped-favicon.png","width":512,"height":512,"caption":"Motown"},"image":{"@id":"https:\/\/motownparc.com\/#\/schema\/logo\/image\/"},"sameAs":["https:\/\/www.facebook.com\/MotownParc","https:\/\/www.instagram.com\/motownparc\/"]}]}},"_links":{"self":[{"href":"https:\/\/www.motownparc.com\/fr\/wp-json\/wp\/v2\/pages\/484","targetHints":{"allow":["GET"]}}],"collection":[{"href":"https:\/\/www.motownparc.com\/fr\/wp-json\/wp\/v2\/pages"}],"about":[{"href":"https:\/\/www.motownparc.com\/fr\/wp-json\/wp\/v2\/types\/page"}],"author":[{"embeddable":true,"href":"https:\/\/www.motownparc.com\/fr\/wp-json\/wp\/v2\/users\/6"}],"replies":[{"embeddable":true,"href":"https:\/\/www.motownparc.com\/fr\/wp-json\/wp\/v2\/comments?post=484"}],"version-history":[{"count":5,"href":"https:\/\/www.motownparc.com\/fr\/wp-json\/wp\/v2\/pages\/484\/revisions"}],"predecessor-version":[{"id":1354,"href":"https:\/\/www.motownparc.com\/fr\/wp-json\/wp\/v2\/pages\/484\/revisions\/1354"}],"wp:attachment":[{"href":"https:\/\/www.motownparc.com\/fr\/wp-json\/wp\/v2\/media?parent=484"}],"wp:term":[{"taxonomy":"dipi_cpt_category","embeddable":true,"href":"https:\/\/www.motownparc.com\/fr\/wp-json\/wp\/v2\/dipi_cpt_category?post=484"}],"curies":[{"name":"wp","href":"https:\/\/api.w.org\/{rel}","templated":true}]}}